{"id":627,"date":"2020-12-21T09:31:03","date_gmt":"2020-12-21T09:31:03","guid":{"rendered":"http:\/\/www.scda.scdabraila.ro\/?page_id=627"},"modified":"2021-03-19T11:38:30","modified_gmt":"2021-03-19T11:38:30","slug":"anunturi-de-angajare","status":"publish","type":"page","link":"https:\/\/www.scda.scdabraila.ro\/index.php\/anunturi-de-angajare\/","title":{"rendered":"ANUNTURI DE ANGAJARE"},"content":{"rendered":"\n<p><strong><span class=\"has-inline-color has-vivid-red-color\">Rezultate selectie dosare &#8211; 19.03.2021<\/span><\/strong><\/p>\n\n\n\n<div class=\"wp-block-buttons\"><\/div>\n\n\n\n<div class=\"wp-block-file\"><a href=\"http:\/\/www.scda.scdabraila.ro\/wp-content\/uploads\/2021\/03\/Rez.selectie-dos.concurs-CS-III.pdf\">CS-III<\/a><a href=\"http:\/\/www.scda.scdabraila.ro\/wp-content\/uploads\/2021\/03\/Rez.selectie-dos.concurs-CS-III.pdf\" class=\"wp-block-file__button\" download>Descarc\u0103<\/a><\/div>\n\n\n\n<div class=\"wp-block-file\"><a href=\"http:\/\/www.scda.scdabraila.ro\/wp-content\/uploads\/2021\/03\/Rez.selectie-dos.concurs-ACS.pdf\">ACS<\/a><a href=\"http:\/\/www.scda.scdabraila.ro\/wp-content\/uploads\/2021\/03\/Rez.selectie-dos.concurs-ACS.pdf\" class=\"wp-block-file__button\" download>Descarc\u0103<\/a><\/div>\n\n\n\n<p><strong><span class=\"has-inline-color has-vivid-red-color\">Anunt concurs &#8211; in data de 29.03.2021<\/span><\/strong><\/p>\n\n\n\n<p>Sta\u0163iunea de Cercetare-Dezvoltare Agricol\u0103 (S.C.D.A.) Br\u0103ila organizeaz\u0103 \u00een data de <strong>29.03.2021, ora 10:00<\/strong>, la sediul institu\u0163iei din Br\u0103ila, \u015eos. Vizirului, km. 9, concurs pentru ocuparea urm\u0103toarelor func\u0163ii contractuale, vacante pe perioad\u0103 nedeterminat\u0103\/determinat\u0103 (conform tabelului), cu norm\u0103 redus\u0103:<\/p>\n\n\n\n<figure class=\"wp-block-table\"><table><tbody><tr><td>Denumirea postului<\/td><td>Perioada contractual\u0103<\/td><td>Loca\u0163ia<\/td><\/tr><tr><td>1 post cercet\u0103tor \u015ftiin\u0163ific III (execu\u021bie) \u2013 ocuparea postului \u00een cadrul Laboratorului \u201cAgrofitotehnica culturilor pe solurile zonale\u201d<\/td><td>Nedeterminat\u0103, norm\u0103 redus\u0103 de 3 ore\/zi<\/td><td>SCDA Br\u0103ila \u2013Sector Cercetare<\/td><\/tr><tr><td>1 post asistent cercetare \u015ftiin\u0163ific\u0103 (execu\u0163ie)<\/td><td>Determinat\u0103, p\u00e2n\u0103 la 1 octombrie 2022, cu norm\u0103 de 1 \u2013 2 ore\/zi,<\/td><td>SCDA Braila \u2013 Sector Cercetare, \u00een cadrul proiectului PN-III-P2-2.1-PTE-2019-0085<\/td><\/tr><\/tbody><\/table><\/figure>\n\n\n\n<p><strong>Cerin\u0163e generale necesare pentru ocuparea posturilor:<\/strong><\/p>\n\n\n\n<p>&nbsp;&nbsp;&nbsp;&nbsp;&nbsp;&nbsp;&nbsp;&nbsp;&nbsp;&nbsp;&nbsp; Poate participa la concursul pentru ocuparea postului orice persoana care \u00eendepline\u0219te urm\u0103toarele condi\u021bii cumulate:<\/p>\n\n\n\n<p><strong>a)&nbsp;<\/strong>are cet\u0103\u0163enia rom\u00e2n\u0103, cet\u0103\u0163enie a altor state membre ale Uniunii Europene sau a statelor apar\u0163in\u00e2nd Spa\u0163iului Economic European \u015fi domiciliul \u00een Rom\u00e2nia;<\/p>\n\n\n\n<p><strong>b)&nbsp;<\/strong>cunoa\u015fte limba rom\u00e2n\u0103, scris \u015fi vorbit;<\/p>\n\n\n\n<p><strong>c)&nbsp;<\/strong>are v\u00e2rsta minim\u0103 reglementat\u0103 de prevederile legale;<\/p>\n\n\n\n<p><strong>d)&nbsp;<\/strong>are capacitate deplin\u0103 de exerci\u0163iu;<\/p>\n\n\n\n<p><strong>e)&nbsp;<\/strong>are o stare de s\u0103n\u0103tate corespunz\u0103toare postului pentru care candideaz\u0103, atestat\u0103 pe baza adeverin\u0163ei medicale eliberate de medicul de familie sau de unit\u0103\u0163ile sanitare abilitate (pe care s\u0103 fie specificat: apt munc\u0103 \/ clinic s\u0103n\u0103tos);<\/p>\n\n\n\n<p><strong>f)&nbsp;<\/strong>\u00eendepline\u0219te condi\u021biile de studii \u015fi, dup\u0103 caz, de vechime sau alte condi\u0163ii specifice potrivit cerin\u0163elor postului scos la concurs;<\/p>\n\n\n\n<p><strong>g)&nbsp;<\/strong>nu a fost condamnat\u0103 definitiv pentru s\u0103v\u00e2r\u015firea unei infrac\u0163iuni contra umanit\u0103\u0163ii, contra statului ori contra autorit\u0103\u0163ii, de serviciu sau \u00een leg\u0103tur\u0103 cu serviciul, care \u00eempiedic\u0103 \u00eenf\u0103ptuirea justi\u0163iei, de fals ori a unor fapte de corup\u0163ie sau a unei infrac\u0163iuni s\u0103v\u00e2r\u015fite cu inten\u0163ie, care ar face-o incompatibil\u0103 cu exercitarea func\u0163iei, cu excep\u0163ia situa\u0163iei \u00een care a intervenit reabilitarea.<\/p>\n\n\n\n<p><strong>Cerin\u0163e specifice necesare pentru ocuparea posturilor:<\/strong><\/p>\n\n\n\n<ul><li>Cercet\u0103tor \u015ftiin\u0163ific III \u2013 gradul \u015ftiin\u0163ific de CS III \u015fi titlul \u015ftiin\u0163ific de doctor.<\/li><li>Asistent de cercetare \u015ftiin\u0163ific\u0103\u2013 studii superioare de lung\u0103 durat\u0103, doctorand \u00eentr-o specializare \u00eendrudit\u0103 cu tema proiectului PN-III-P2-2.1-PTE-2019-0085, CERCET\u04d0RI PRIVIND DIGITALIZAREA AGRICULTURII \u00ceN B\u0102R\u0102GANUL DE NORD, PRIN UTILIZAREA DRONELOR \u015eI SATELI\u021aILOR, CU SCOPUL MONITORIZ\u04d0RII CULTURILOR \u015eI EFICIENTIZ\u04d0RII TEHNOLOGIILOR AGRICOLE[AGRODATA], cuno\u015ftin\u0163e temeinice de calcul statistic \u00een experien\u0163e de cercetare agricol\u0103.<\/li><\/ul>\n\n\n\n<p><strong>Pentru \u00eenscrierea la concurs<\/strong>, candida\u021bii vor prezenta un dosar de concurs care va con\u021bine urm\u0103toarele documente:<\/p>\n\n\n\n<ol type=\"1\"><li>cererea de \u00eenscriere la concurs adresat\u0103 conduc\u0103torului autorit\u0103\u021bii sau institu\u021biei publice organizatoare, cu specificarea postului pentru care candideaz\u0103;<\/li><li>copia actului de identitate sau orice alt document care atest\u0103 identitatea, potrivit legii, dup\u0103 caz;<\/li><li>copiile documentelor care s\u0103 ateste nivelul studiilor \u0219i ale altor acte care atest\u0103 efectuarea unor specializ\u0103ri, precum \u0219i copiile documentelor care atest\u0103 \u00eendeplinirea condi\u021biilor specifice ale postului solicitate de autoritatea sau institu\u021bia public\u0103;<\/li><li>carnetul de munc\u0103 sau, dup\u0103 caz, adeverin\u021bele care atest\u0103 vechimea \u00een munc\u0103, \u00een meserie \u0219i\/sau \u00een specialitatea studiilor, \u00een copie;<\/li><li>cazierul judiciar sau o declara\u021bie pe propria r\u0103spundere c\u0103 nu are antecedente penale care s\u0103-l fac\u0103 incompatibil cu func\u021bia pentru care candideaz\u0103;<\/li><li>adeverin\u021b\u0103 medical\u0103 care s\u0103 ateste starea de s\u0103n\u0103tate corespunz\u0103toare eliberat\u0103 cu cel mult 6 luni anterior derul\u0103rii concursului de c\u0103tre medicul de familie al candidatului sau de c\u0103tre unit\u0103\u0163ile sanitare abilitate;&nbsp;<\/li><li>Curriculum Vitae.<\/li><\/ol>\n\n\n\n<p>Adeverin\u0163a care atest\u0103 starea de s\u0103n\u0103tate con\u0163ine, \u00een clar, num\u0103rul, data, numele emitentului \u015fi calitatea acestuia, \u00een formatul standard stabilit de Ministerul S\u0103n\u0103t\u0103\u0163ii.<\/p>\n\n\n\n<p>&nbsp;&nbsp;&nbsp;&nbsp;&nbsp;&nbsp;&nbsp;&nbsp;&nbsp;&nbsp;&nbsp; \u00cen cazul \u00een care candidatul depune o declara\u021bie pe proprie r\u0103spundere c\u0103 nu are antecedente penale, \u00een cazul \u00een care este declarat admis la selec\u021bia dosarelor, acesta are obliga\u021bia de a completa dosarul de concurs cu originalul cazierului judiciar, cel mai t\u00e2rziu p\u00e2n\u0103 la data desf\u0103\u0219ur\u0103rii primei probe a concursului.<\/p>\n\n\n\n<p>&nbsp;&nbsp;&nbsp;&nbsp;&nbsp;&nbsp;&nbsp;&nbsp;&nbsp;&nbsp;&nbsp; Copia actului de identitate, copiile documentelor de studii \u0219i carnetul de munc\u0103 sau, dup\u0103 caz, adeverin\u021bele care atest\u0103 vechimea vor fi prezentate \u0219i \u00een original \u00een vederea verific\u0103rii conformit\u0103\u021bii copiilor cu acestea.<\/p>\n\n\n\n<p>&nbsp;&nbsp;&nbsp;&nbsp;&nbsp;&nbsp;&nbsp;&nbsp;&nbsp;&nbsp;&nbsp; Dosarele de \u00eenscriere se depun la sediul institu\u021biei din So\u015feaua Vizirului, km. 9, in perioada 15.03.2021 \u2013 18.03.2021.<\/p>\n\n\n\n<p><strong>Concursul se va organiza conform calendarului urm\u0103tor<\/strong>:<\/p>\n\n\n\n<p>&#8211; 19.03.2021 ora 12:00 \u2013 afi\u015farea rezultatului selec\u0163iei dosarelor de \u00eenscriere, dup\u0103 verificarea \u00eentrunirii condi\u021biilor de participare la concurs;<\/p>\n\n\n\n<p>&#8211; 22.03.2021 ora 12:00 \u2013 data limit\u0103 de primire a contesta\u021biilor privind selec\u0163ia dosarelor de \u00eenscriere;<\/p>\n\n\n\n<p>&#8211; 23.03.2021 ora 12:00 &#8211; afi\u0219area rezultatului contesta\u021biilor la rezultatul selec\u021biei dosarelor de \u00eenscriere;<\/p>\n\n\n\n<p>&#8211; 29.03.2021 ora 10:00 \u2013 sus\u021binere interviu pentru func\u0163iile de CSIII \u015fi ACS;<\/p>\n\n\n\n<p>&#8211; 29.03.2021ora 14:00 \u2013 afi\u0219are rezultate interviu;<\/p>\n\n\n\n<p>&#8211; 30.03.2021 ora 13:00 \u2013 depunerea contesta\u021biilor la rezultatele pentru interviu;<\/p>\n\n\n\n<p>&#8211; 30.03.2020 ora 16:00 \u2013 afi\u0219area rezultatelor contesta\u021biilor \u015fi a rezultatelor finale.<\/p>\n\n\n\n<p>Rela\u021bii suplimentare se pot ob\u021bine la Secretariatul Sta\u021biunii de Cercetare-Dezvoltare Agricol\u0103 Braila Sos. Vizirului km. 9, telefon 0726292705 \/ 0726710072, \u00een intervalul orar 08.00 \u2013 15.00, sau pe e-mail: <a href=\"mailto:secretariat@scdabraila.ro\">secretariat@scdabraila.ro<\/a><\/p>\n\n\n\n<p>&nbsp;&nbsp;&nbsp;&nbsp;&nbsp;&nbsp;&nbsp;&nbsp;&nbsp;&nbsp;&nbsp; Detalii privind condi\u0163iile specifice, tematica \u015fi bibliografia de concurs, precum \u015fi alte rela\u0163ii suplimentare sunt disponibile la Secretariatul SCDA Br\u0103ila sau pe site-ul: <a href=\"http:\/\/www.scda.scdabraila.ro\/index.php\/anunturi-de-angajare\/\">http:\/\/www.scda.scdabraila.ro\/index.php\/anunturi-de-angajare\/<\/a><\/p>\n\n\n\n<div class=\"wp-block-file\"><a href=\"http:\/\/www.scda.scdabraila.ro\/wp-content\/uploads\/2021\/03\/ANUNT-pdf..pdf\">Anunt concurs din data de 29.03.2021<\/a><a href=\"http:\/\/www.scda.scdabraila.ro\/wp-content\/uploads\/2021\/03\/ANUNT-pdf..pdf\" class=\"wp-block-file__button\" download>Descarc\u0103<\/a><\/div>\n\n\n\n<div class=\"wp-block-file\"><a href=\"http:\/\/www.scda.scdabraila.ro\/wp-content\/uploads\/2021\/03\/BIBLIOGRAFIE.pdf\">Bibliografie pentru concursul din data de 29.03.2021 <\/a><a href=\"http:\/\/www.scda.scdabraila.ro\/wp-content\/uploads\/2021\/03\/BIBLIOGRAFIE.pdf\" class=\"wp-block-file__button\" download>Descarc\u0103<\/a><\/div>\n\n\n\n<p><strong><span class=\"has-inline-color has-vivid-red-color\">REZULTATE CONCURS DIN DATA DE &#8211; 14.01.2021:&nbsp;<\/span><\/strong><\/p>\n\n\n\n<div class=\"wp-block-file\"><a href=\"http:\/\/www.scda.scdabraila.ro\/wp-content\/uploads\/2021\/01\/Rezultate-concurs-Economist-IA.pdf\">Economist-IA<\/a><a href=\"http:\/\/www.scda.scdabraila.ro\/wp-content\/uploads\/2021\/01\/Rezultate-concurs-Economist-IA.pdf\" class=\"wp-block-file__button\" download>Descarc\u0103<\/a><\/div>\n\n\n\n<div class=\"wp-block-file\"><a href=\"http:\/\/www.scda.scdabraila.ro\/wp-content\/uploads\/2021\/01\/Rezultate-concurs-Economist-II.pdf\">Economist-II<\/a><a href=\"http:\/\/www.scda.scdabraila.ro\/wp-content\/uploads\/2021\/01\/Rezultate-concurs-Economist-II.pdf\" class=\"wp-block-file__button\" download>Descarc\u0103<\/a><\/div>\n\n\n\n<div class=\"wp-block-file\"><a href=\"http:\/\/www.scda.scdabraila.ro\/wp-content\/uploads\/2021\/01\/Rezultate-concurs-Asistent.pdf\">Asistent<\/a><a href=\"http:\/\/www.scda.scdabraila.ro\/wp-content\/uploads\/2021\/01\/Rezultate-concurs-Asistent.pdf\" class=\"wp-block-file__button\" download>Descarc\u0103<\/a><\/div>\n\n\n\n<div class=\"wp-block-file\"><a href=\"http:\/\/www.scda.scdabraila.ro\/wp-content\/uploads\/2021\/01\/Rezultate-concurs-Paznic.pdf\">Paznic<\/a><a href=\"http:\/\/www.scda.scdabraila.ro\/wp-content\/uploads\/2021\/01\/Rezultate-concurs-Paznic.pdf\" class=\"wp-block-file__button\" download>Descarc\u0103<\/a><\/div>\n\n\n\n<div class=\"wp-block-file\"><a href=\"http:\/\/www.scda.scdabraila.ro\/wp-content\/uploads\/2021\/01\/Rezultate-concurs-Ingrijitor.pdf\">Ingrijitor<\/a><a href=\"http:\/\/www.scda.scdabraila.ro\/wp-content\/uploads\/2021\/01\/Rezultate-concurs-Ingrijitor.pdf\" class=\"wp-block-file__button\" download>Descarc\u0103<\/a><\/div>\n\n\n\n<p><span class=\"has-inline-color has-vivid-red-color\"><strong>REZULTATE SELECTIE DOSARE &#8211; 05.01.2021:&nbsp;<\/strong><\/span><\/p>\n\n\n\n<div class=\"wp-block-file\"><a href=\"http:\/\/www.scda.scdabraila.ro\/wp-content\/uploads\/2021\/01\/Rez.selectie-dosare-Economist-IA.pdf\">Economist-IA<\/a><a href=\"http:\/\/www.scda.scdabraila.ro\/wp-content\/uploads\/2021\/01\/Rez.selectie-dosare-Economist-IA.pdf\" class=\"wp-block-file__button\" download>Descarc\u0103<\/a><\/div>\n\n\n\n<div class=\"wp-block-file\"><a href=\"http:\/\/www.scda.scdabraila.ro\/wp-content\/uploads\/2021\/01\/Rez.selectie-dosare-Economist-II.pdf\">Economist-II<\/a><a href=\"http:\/\/www.scda.scdabraila.ro\/wp-content\/uploads\/2021\/01\/Rez.selectie-dosare-Economist-II.pdf\" class=\"wp-block-file__button\" download>Descarc\u0103<\/a><\/div>\n\n\n\n<div class=\"wp-block-file\"><a href=\"http:\/\/www.scda.scdabraila.ro\/wp-content\/uploads\/2021\/01\/Rez.selectie-dosare-Asistent.pdf\">Asistent<\/a><a href=\"http:\/\/www.scda.scdabraila.ro\/wp-content\/uploads\/2021\/01\/Rez.selectie-dosare-Asistent.pdf\" class=\"wp-block-file__button\" download>Descarc\u0103<\/a><\/div>\n\n\n\n<div class=\"wp-block-file\"><a href=\"http:\/\/www.scda.scdabraila.ro\/wp-content\/uploads\/2021\/01\/Rez.selectie-dosare-Paznic.pdf\">Paznic<\/a><a href=\"http:\/\/www.scda.scdabraila.ro\/wp-content\/uploads\/2021\/01\/Rez.selectie-dosare-Paznic.pdf\" class=\"wp-block-file__button\" download>Descarc\u0103<\/a><\/div>\n\n\n\n<div class=\"wp-block-file\"><a href=\"http:\/\/www.scda.scdabraila.ro\/wp-content\/uploads\/2021\/01\/Rez.selectie-dosare-Ingrijitor.pdf\">Ingrijitor<\/a><a href=\"http:\/\/www.scda.scdabraila.ro\/wp-content\/uploads\/2021\/01\/Rez.selectie-dosare-Ingrijitor.pdf\" class=\"wp-block-file__button\" download>Descarc\u0103<\/a><\/div>\n\n\n\n<div class=\"wp-block-file\"><a href=\"http:\/\/www.scda.scdabraila.ro\/wp-content\/uploads\/2020\/12\/ANUNT-CONCURS-IANUARIE-2021.pdf\"><strong><span class=\"has-inline-color has-vivid-red-color\">ANUN\u0162 IMPORTANT &#8211; 18.12.2020<br><\/span><\/strong>ANUNT CONCURS <\/a><a href=\"http:\/\/www.scda.scdabraila.ro\/wp-content\/uploads\/2020\/12\/ANUNT-CONCURS-IANUARIE-2021.pdf\" class=\"wp-block-file__button\" download>Descarc\u0103<\/a><\/div>\n\n\n\n<div class=\"wp-block-file\"><a href=\"http:\/\/www.scda.scdabraila.ro\/wp-content\/uploads\/2020\/12\/TEMATICA-SI-BIBLIOGRAFIE-SCDA-BRAILA.pdf\">TEMATICA SI BIBLIOGRAFIE<\/a><a href=\"http:\/\/www.scda.scdabraila.ro\/wp-content\/uploads\/2020\/12\/TEMATICA-SI-BIBLIOGRAFIE-SCDA-BRAILA.pdf\" class=\"wp-block-file__button\" download>Descarc\u0103<\/a><\/div>\n\n\n\n<p><strong>PERSOAN\u0102 CONTACT: BOGDAN GINA<\/strong> , <strong>TEL: 0726292705<\/strong><\/p>\n\n\n\n<p>Sta\u0163iunea de Cercetare-Dezvoltare Agricol\u0103 (S.C.D.A.) Br\u0103ila organizeaz\u0103 \u00een data de 14.01.2021, ora 09:00, la sediul institu\u0163iei din Br\u0103ila, \u015eos. Vizirului, km. 9, concurs pentru ocuparea urm\u0103toarelor func\u0163ii contractuale, vacante pe perioad\u0103 nedeterminat\u0103, cu norm\u0103 \u00eentreag\u0103:<\/p>\n\n\n\n<p><strong>1 post Economist IA &#8211; perioada&nbsp;nedeterminat\u0103 &#8211;&nbsp;SCDA Braila \u2013 Compartiment Contabilitate<\/strong><\/p>\n\n\n\n<p><strong>1 post Economist II &#8211; perioada&nbsp;nedeterminata &#8211;&nbsp;SCDA Braila \u2013 Compartiment Contabilitate<\/strong><\/p>\n\n\n\n<p><strong>1 post Asistent &#8211; perioada&nbsp;nedeterminata &#8211;&nbsp;SCDA Braila \u2013 Sectorul Cercetare<\/strong><\/p>\n\n\n\n<p><strong>1 post paznic &#8211; perioada&nbsp;nedeterminat\u0103 &#8211;&nbsp;SCDA Br\u0103ila \u2013 Sediul Administrativ<\/strong><\/p>\n\n\n\n<p><strong>1 post ingrijitor &#8211; perioada&nbsp;nedeterminat\u0103 &#8211;&nbsp;SCDA Br\u0103ila \u2013 Sediul Administrativ<\/strong><\/p>\n\n\n\n<div class=\"wp-block-columns\">\n<div class=\"wp-block-column\" style=\"flex-basis:100%\"><\/div>\n<\/div>\n\n\n\n<p><strong>Cerin\u0163e generale necesare pentru ocuparea posturilor:<\/strong><\/p>\n\n\n\n<p>&nbsp;&nbsp;&nbsp;&nbsp;&nbsp;&nbsp;&nbsp;&nbsp;&nbsp;&nbsp;&nbsp; Poate participa la concursul pentru ocuparea postului orice persoana care \u00eendepline\u0219te urm\u0103toarele condi\u021bii:<\/p>\n\n\n\n<p>a)&nbsp;are cet\u0103\u0163enia rom\u00e2n\u0103, cet\u0103\u0163enie a altor state membre ale Uniunii Europene sau a statelor apar\u0163in\u00e2nd Spa\u0163iului Economic European \u015fi domiciliul \u00een Rom\u00e2nia;<\/p>\n\n\n\n<p>b)&nbsp;cunoa\u015fte limba rom\u00e2n\u0103, scris \u015fi vorbit;<\/p>\n\n\n\n<p>c)&nbsp;are v\u00e2rsta minim\u0103 reglementat\u0103 de prevederile legale;<\/p>\n\n\n\n<p>d)&nbsp;are capacitate deplin\u0103 de exerci\u0163iu;<\/p>\n\n\n\n<p>e)&nbsp;are o stare de s\u0103n\u0103tate corespunz\u0103toare postului pentru care candideaz\u0103, atestat\u0103 pe baza adeverin\u0163ei medicale eliberate de medicul de familie sau de unit\u0103\u0163ile sanitare abilitate (pe care s\u0103 fie specificat: apt munc\u0103 \/ clinic s\u0103n\u0103tos);<\/p>\n\n\n\n<p>f)&nbsp;\u00eendepline\u0219te condi\u021biile de studii \u015fi, dup\u0103 caz, de vechime sau alte condi\u0163ii specifice potrivit cerin\u0163elor postului scos la concurs;<\/p>\n\n\n\n<p>g)&nbsp;nu a fost condamnat\u0103 definitiv pentru s\u0103v\u00e2r\u015firea unei infrac\u0163iuni contra umanit\u0103\u0163ii, contra statului ori contra autorit\u0103\u0163ii, de serviciu sau \u00een leg\u0103tur\u0103 cu serviciul, care \u00eempiedic\u0103 \u00eenf\u0103ptuirea justi\u0163iei, de fals ori a unor fapte de corup\u0163ie sau a unei infrac\u0163iuni s\u0103v\u00e2r\u015fite cu inten\u0163ie, care ar face-o incompatibil\u0103 cu exercitarea func\u0163iei, cu excep\u0163ia situa\u0163iei \u00een care a intervenit reabilitarea.<\/p>\n\n\n\n<p><strong>Cerin\u0163e specifice necesare pentru ocuparea posturilor:<\/strong><\/p>\n\n\n\n<p>&#8211; economist IA &#8211; studii superioare cu diplom\u0103 de licen\u0163\u0103 \u00een domeniul economic \u015fi minimum 7 ani vechime \u00een specializarea studiilor, cuno\u015ftin\u0163e temeinice de utilizare a calculatorului, cuno\u015ftin\u0163ele de utilizare a programelor 3M Service, Sobis \u015fi Infoprim \u015fi cuno\u015ftin\u0163ele \u00een contabilitate public\u0103 vor constitui avantaj.<\/p>\n\n\n\n<p>&#8211; economist II &#8211; studii superioare cu diplom\u0103 de licen\u0163\u0103 \u00een domeniul economic \u015fi 4 ani vechime \u00een specializarea studiilor, cuno\u015ftin\u0163e temeinice de utilizare a calculatorului, cuno\u015ftin\u0163ele de utilizare a programelor 3M Service, Sobis \u015fi Infoprim constituie avantaj<\/p>\n\n\n\n<p>&#8211; asistent I &#8211;&nbsp; minimum 6 ani vechime \u00een specialitatea Agricultur\u0103\/Agronomie; diplom\u0103 de studii medii \u00een domeniile agricultur\u0103 sau chimie;<\/p>\n\n\n\n<p>&#8211; paznic \u2013 atestat paz\u0103 \u2013 4 ani vechime ca paznic;<\/p>\n\n\n\n<p>&#8211; \u00eengrijitor \u2013 studii medii, cuno\u015ftin\u0163e de baz\u0103 \u00een cur\u0103\u0163enia spa\u0163iilor \u00eenchise \u015fi deschise.<\/p>\n\n\n\n<p><strong>Pentru \u00eenscrierea la concurs, candida\u021bii vor prezenta un dosar de concurs care va con\u021bine urm\u0103toarele documente<\/strong>:<\/p>\n\n\n\n<ol><li>cererea de \u00eenscriere la concurs adresat\u0103 conduc\u0103torului autorit\u0103\u021bii sau institu\u021biei publice organizatoare, cu specificarea postului pentru care candideaz\u0103;<\/li><li>copia actului de identitate sau orice alt document care atest\u0103 identitatea, potrivit legii, dup\u0103 caz;<\/li><li>copiile documentelor care s\u0103 ateste nivelul studiilor \u0219i ale altor acte care atest\u0103 efectuarea unor specializ\u0103ri, precum \u0219i copiile documentelor care atest\u0103 \u00eendeplinirea condi\u021biilor specifice ale postului solicitate de autoritatea sau institu\u021bia public\u0103;<\/li><li>carnetul de munc\u0103 sau, dup\u0103 caz, adeverin\u021bele care atest\u0103 vechimea \u00een munc\u0103, \u00een meserie \u0219i\/sau \u00een specialitatea studiilor, \u00een copie;<\/li><li>cazierul judiciar sau o declara\u021bie pe propria r\u0103spundere c\u0103 nu are antecedente penale care s\u0103-l fac\u0103 incompatibil cu func\u021bia pentru care candideaz\u0103;<\/li><li>adeverin\u021b\u0103 medical\u0103 care s\u0103 ateste starea de s\u0103n\u0103tate corespunz\u0103toare eliberat\u0103 cu cel mult 6 luni anterior derul\u0103rii concursului de c\u0103tre medicul de familie al candidatului sau de c\u0103tre unit\u0103\u0163ile sanitare abilitate;&nbsp;<\/li><li>Curriculum Vitae.<\/li><\/ol>\n\n\n\n<p>Adeverin\u0163a care atest\u0103 starea de s\u0103n\u0103tate con\u0163ine, \u00een clar, num\u0103rul, data, numele emitentului \u015fi calitatea acestuia, \u00een formatul standard stabilit de Ministerul S\u0103n\u0103t\u0103\u0163ii.<\/p>\n\n\n\n<p>&nbsp;&nbsp;&nbsp;&nbsp;&nbsp;&nbsp;&nbsp;&nbsp;&nbsp;&nbsp;&nbsp; \u00cen cazul \u00een care candidatul depune o declara\u021bie pe proprie r\u0103spundere c\u0103 nu are antecedente penale, \u00een cazul \u00een care este declarat admis la selec\u021bia dosarelor, acesta are obliga\u021bia de a completa dosarul de concurs cu originalul cazierului judiciar, cel mai t\u00e2rziu p\u00e2n\u0103 la data desf\u0103\u0219ur\u0103rii primei probe a concursului.<\/p>\n\n\n\n<p>&nbsp;&nbsp;&nbsp;&nbsp;&nbsp;&nbsp;&nbsp;&nbsp;&nbsp;&nbsp;&nbsp; Copia actului de identitate, copiile documentelor de studii \u0219i carnetul de munc\u0103 sau, dup\u0103 caz, adeverin\u021bele care atest\u0103 vechimea vor fi prezentate \u0219i \u00een original \u00een vederea verific\u0103rii conformit\u0103\u021bii copiilor cu acestea.<\/p>\n\n\n\n<p>\u200b<strong>Dosarele de \u00eenscriere se depun la sediul institu\u021biei din So\u015feaua Vizirului, km. 9, in perioada 28.12.2020 \u2013 04.01.2021.<\/strong><\/p>\n\n\n\n<p><strong>Concursul se va organiza conform calendarului urm\u0103tor:<\/strong><\/p>\n\n\n\n<p>&#8211; 05.01.2021 ora 12:00 \u2013 afi\u015farea rezultatului selec\u0163iei dosarelor de \u00eenscriere, dup\u0103 verificarea \u00eentrunirii condi\u021biilor de participare la concurs;<\/p>\n\n\n\n<p>&#8211; 06.01.2021 ora 12:00 \u2013 data limita de primire a contesta\u021biilor privind selec\u0163ia dosarelor de \u00eenscriere;<\/p>\n\n\n\n<p>&#8211; 07.01.2021 ora 12:00 &#8211; afi\u0219area rezultatului contesta\u021biilor la rezultatul selec\u021biei dosarelor de \u00eenscriere;<\/p>\n\n\n\n<p>&#8211; 14.01.2021 ora 09:00 \u2013 sus\u021binere prob\u0103 scris\u0103 pentru func\u0163iile de asistent, paznic, \u00eengrijitor;<\/p>\n\n\n\n<p>&#8211; 14.01.2021 ora 10:00 \u2013 sus\u021binere prob\u0103 scris\u0103 pentru func\u0163iile de economist IA \u015fi economist II.<\/p>\n\n\n\n<p>&#8211; 14.01.2021 ora 12:00 \u2013 afi\u015farea rezultatelor probei scrise;<\/p>\n\n\n\n<p>&#8211; 14.01.2021 ora 13:00 \u2013 depunerea contesta\u021biilor la proba scris\u0103;<\/p>\n\n\n\n<p>&#8211; 14.01.2021 ora 14:00 \u2013 afi\u0219area rezultatelor contesta\u021biilor la prob\u0103 scris\u0103;<\/p>\n\n\n\n<p>&#8211; 14.01.2021 ora 14:00 \u2013 sus\u021binere prob\u0103 interviu pentru toate func\u021biile, \u00een ordine alfabetic\u0103;<\/p>\n\n\n\n<p>&#8211; 14.01.2021 ora 15:00 \u2013 afi\u0219are rezultate la proba interviu;<\/p>\n\n\n\n<p>&#8211; 14.01.2021 ora 16:00 \u2013 depunerea contesta\u021biilor la proba interviu;<\/p>\n\n\n\n<p>&#8211; 15.01.2021 ora 12:00 \u2013 afi\u0219area rezultatelor contesta\u021biilor la prob\u0103 interviu \u015fi a rezultatelor finale<\/p>\n\n\n\n<p>Rela\u021bii suplimentare se pot ob\u021bine la Secretariatul Sta\u021biunii de Cercetare-Dezvoltare Agricol\u0103 Braila Sos. Vizirului km. 9, telefon 0726292705 \/ 0726710072, \u00een intervalul orar 08.00 \u2013 15.00, sau pe e-mail:&nbsp;<a href=\"mailto:secretariat@scdabraila.ro\">secretariat@scdabraila.ro<\/a><\/p>\n\n\n\n<p>&nbsp;&nbsp;&nbsp;&nbsp;&nbsp;&nbsp;&nbsp;&nbsp;&nbsp;&nbsp;&nbsp; Detalii privind condi\u0163iile specifice, tematica \u015fi bibliografia de concurs, precum \u015fi alte rela\u0163ii suplimentare sunt disponibile la Secretariatul SCDA Br\u0103ila sau pe site-ul:&nbsp;<a rel=\"noreferrer noopener\" href=\"https:\/\/scdabraila.wixsite.com\/asas-ro\/concurs-posturi-vacante\" target=\"_blank\">http:\/\/www.scda.scdabraila.ro\/index.php\/anunturi-de-angajare\/<\/a><\/p>\n\n\n\n<p>18.12.2020&nbsp;&nbsp;&nbsp;&nbsp;&nbsp;&nbsp;&nbsp;&nbsp;&nbsp;&nbsp;&nbsp;&nbsp;&nbsp;&nbsp;&nbsp;&nbsp;&nbsp;&nbsp;&nbsp;&nbsp;&nbsp;&nbsp;&nbsp;&nbsp;&nbsp;&nbsp;&nbsp;&nbsp;&nbsp;&nbsp;&nbsp;&nbsp;&nbsp;&nbsp;&nbsp;&nbsp;&nbsp;&nbsp;&nbsp;&nbsp; &nbsp;&nbsp;&nbsp;&nbsp;&nbsp;&nbsp;&nbsp;&nbsp;&nbsp;&nbsp;&nbsp;&nbsp;&nbsp;&nbsp;&nbsp;&nbsp;&nbsp;&nbsp;&nbsp;&nbsp;&nbsp;&nbsp;&nbsp;&nbsp; &nbsp; &nbsp; &nbsp; &nbsp; &nbsp; &nbsp; &nbsp; &nbsp;<\/p>\n\n\n\n<p>Director SCDA Braila<\/p>\n\n\n\n<p>Dr. ing. Trifan Daniela<\/p>\n","protected":false},"excerpt":{"rendered":"<p>Rezultate selectie dosare &#8211; 19.03.2021 Anunt concurs &#8211; in data de 29.03.2021 Sta\u0163iunea de Cercetare-Dezvoltare Agricol\u0103 (S.C.D.A.) Br\u0103ila organizeaz\u0103 \u00een data de 29.03.2021, ora 10:00, la sediul institu\u0163iei din Br\u0103ila, \u015eos. Vizirului, km. 9, concurs pentru ocuparea urm\u0103toarelor func\u0163ii contractuale, vacante pe perioad\u0103 nedeterminat\u0103\/determinat\u0103 (conform tabelului), cu norm\u0103 redus\u0103: Denumirea postului Perioada contractual\u0103 Loca\u0163ia 1 [&hellip;]<\/p>\n","protected":false},"author":1,"featured_media":0,"parent":0,"menu_order":0,"comment_status":"closed","ping_status":"closed","template":"","meta":[],"_links":{"self":[{"href":"https:\/\/www.scda.scdabraila.ro\/index.php\/wp-json\/wp\/v2\/pages\/627"}],"collection":[{"href":"https:\/\/www.scda.scdabraila.ro\/index.php\/wp-json\/wp\/v2\/pages"}],"about":[{"href":"https:\/\/www.scda.scdabraila.ro\/index.php\/wp-json\/wp\/v2\/types\/page"}],"author":[{"embeddable":true,"href":"https:\/\/www.scda.scdabraila.ro\/index.php\/wp-json\/wp\/v2\/users\/1"}],"replies":[{"embeddable":true,"href":"https:\/\/www.scda.scdabraila.ro\/index.php\/wp-json\/wp\/v2\/comments?post=627"}],"version-history":[{"count":30,"href":"https:\/\/www.scda.scdabraila.ro\/index.php\/wp-json\/wp\/v2\/pages\/627\/revisions"}],"predecessor-version":[{"id":1022,"href":"https:\/\/www.scda.scdabraila.ro\/index.php\/wp-json\/wp\/v2\/pages\/627\/revisions\/1022"}],"wp:attachment":[{"href":"https:\/\/www.scda.scdabraila.ro\/index.php\/wp-json\/wp\/v2\/media?parent=627"}],"curies":[{"name":"wp","href":"https:\/\/api.w.org\/{rel}","templated":true}]}}