{"id":492,"date":"2020-12-06T13:20:09","date_gmt":"2020-12-06T13:20:09","guid":{"rendered":"http:\/\/www.scda.scdabraila.ro\/?page_id=492"},"modified":"2021-03-15T06:40:07","modified_gmt":"2021-03-15T06:40:07","slug":"proiecte","status":"publish","type":"page","link":"https:\/\/www.scda.scdabraila.ro\/index.php\/proiecte\/","title":{"rendered":"Proiecte"},"content":{"rendered":"\n<figure class=\"wp-block-image size-large\"><img loading=\"lazy\" width=\"930\" height=\"523\" src=\"http:\/\/www.scda.scdabraila.ro\/wp-content\/uploads\/2021\/02\/proiecte-fonduri.jpg\" alt=\"\" class=\"wp-image-940\" srcset=\"https:\/\/www.scda.scdabraila.ro\/wp-content\/uploads\/2021\/02\/proiecte-fonduri.jpg 930w, https:\/\/www.scda.scdabraila.ro\/wp-content\/uploads\/2021\/02\/proiecte-fonduri-300x169.jpg 300w, https:\/\/www.scda.scdabraila.ro\/wp-content\/uploads\/2021\/02\/proiecte-fonduri-768x432.jpg 768w\" sizes=\"(max-width: 930px) 100vw, 930px\" \/><\/figure>\n\n\n\n<p><strong><span style=\"color:#36b608\" class=\"has-inline-color\">PROIECTE IN DERULARE:<\/span><\/strong><\/p>\n\n\n\n<p>2020-2022 &#8211; PN-III-P2-2.1-PTE-2019-0085 &#8211; <strong>AGRODATA<\/strong><\/p>\n\n\n\n<p>&#8222;Cercet\u04d1ri privind digitalizarea agriculturii \u00een B\u0103r\u0103ganul de nord, prin utilizarea dronelor \u015fi sateli\u021bilor, cu scopul monitoriz\u04d1rii culturilor \u015fi eficientiz\u04d1rii tehnologiilor agricole&#8221;<\/p>\n\n\n\n<div class=\"wp-block-buttons\">\n<div class=\"wp-block-button\"><a class=\"wp-block-button__link\" href=\"https:\/\/scdabraila.wixsite.com\/agrodata\" target=\"_blank\" rel=\"noreferrer noopener\">SITE AGRODATA<\/a><\/div>\n<\/div>\n\n\n\n<p><\/p>\n\n\n\n<p>2019-2022 &#8211; ADER 1.1.2. <\/p>\n\n\n\n<p>&#8222;Crearea de linii noi de orez cu caracteristici de productivitate superioara si adaptabilitate la conditiile specifice limitei nordice de cultivare &#8222;<\/p>\n\n\n\n<div class=\"wp-block-buttons\">\n<div class=\"wp-block-button\"><a class=\"wp-block-button__link\" href=\"https:\/\/madr.ro\/attachments\/article\/258\/ADER-112-faza-1.pdf\">Faza 1<\/a><\/div>\n\n\n\n<div class=\"wp-block-button\"><a class=\"wp-block-button__link\" href=\"https:\/\/madr.ro\/attachments\/article\/258\/ADER-112-faza-2.pdf\">Faza 2<\/a><\/div>\n<\/div>\n\n\n\n<div class=\"wp-block-buttons\"><\/div>\n\n\n\n<p><\/p>\n\n\n\n<p>2019-2022 \u2013 ADER 1.2.1. <\/p>\n\n\n\n<p>&#8222;Cercetari privind identificarea solutiilor tehnice si a elementelor tehnologice pentru practicarea sistemului de lucru dry-farming in sudul Romaniei&#8221;<\/p>\n\n\n\n<div class=\"wp-block-buttons\">\n<div class=\"wp-block-button\"><a class=\"wp-block-button__link\" href=\"https:\/\/madr.ro\/attachments\/article\/259\/ADER-121-faza-1.pdf\">Faza 1<\/a><\/div>\n\n\n\n<div class=\"wp-block-button\"><a class=\"wp-block-button__link\" href=\"https:\/\/madr.ro\/attachments\/article\/259\/ADER-121-faza-2.pdf\">Faza 2<\/a><\/div>\n<\/div>\n\n\n\n<div class=\"wp-block-buttons\"><\/div>\n\n\n\n<p><\/p>\n\n\n\n<p>2019-2022 \u2013 ADER 3.3.2.<\/p>\n\n\n\n<p>&#8222;Cercetari privind perfectionarea tehnologiilor de semanat la cuturile succesive sau duble de porumb, floarea soarelui, soia, canepa de fibra si seminte&#8221;<\/p>\n\n\n\n<div class=\"wp-block-buttons\">\n<div class=\"wp-block-button\"><a class=\"wp-block-button__link\" href=\"https:\/\/madr.ro\/attachments\/article\/273\/ADER-332-faza-1.pdf\">Faza 1<\/a><\/div>\n\n\n\n<div class=\"wp-block-button\"><a class=\"wp-block-button__link\" href=\"https:\/\/madr.ro\/attachments\/article\/273\/ADER-332-faza-2.pdf\">Faza 2<\/a><\/div>\n\n\n\n<div class=\"wp-block-button\"><a class=\"wp-block-button__link\" href=\"https:\/\/scdabraila.wixsite.com\/ader332\">SITE ADER 3.3.2.<\/a><\/div>\n<\/div>\n\n\n\n<div class=\"wp-block-buttons\"><\/div>\n\n\n\n<p><\/p>\n\n\n\n<p>2019-2022 \u2013 ADER 2.1.2.<\/p>\n\n\n\n<p>&#8222;Crearea si promovarea unor genotipuri de orz si orzoaica caracterizate prin insusiri superioare de adaptabilitate la diferite conditii de mediu, productivitate si calitate cerute de industria alimentara si de zootehnie&#8221;<\/p>\n\n\n\n<div class=\"wp-block-buttons\">\n<div class=\"wp-block-button\"><a class=\"wp-block-button__link\" href=\"https:\/\/madr.ro\/attachments\/article\/268\/ADER-212-faza-1.pdf\">Faza 1<\/a><\/div>\n\n\n\n<div class=\"wp-block-button\"><a class=\"wp-block-button__link\" href=\"https:\/\/madr.ro\/attachments\/article\/268\/ADER-212-faza-2.pdf\">Faza 2<\/a><\/div>\n<\/div>\n\n\n\n<p><\/p>\n\n\n\n<p>2019-2022 \u2013 ADER 2.1.4.<\/p>\n\n\n\n<p>&#8222;Crearea si identificarea unor genotipuri de floarea soarelui cu insusiri superioare de calitate si rezistenta complexa la factorii biotici si abiotici si rezistenta genetica la erbicide totale aplicate postemergent&#8221;<\/p>\n\n\n\n<div class=\"wp-block-buttons\">\n<div class=\"wp-block-button\"><a class=\"wp-block-button__link\" href=\"https:\/\/madr.ro\/attachments\/article\/269\/ADER-214-faza-1.pdf\">Faza 1<\/a><\/div>\n\n\n\n<div class=\"wp-block-button\"><a class=\"wp-block-button__link\" href=\"https:\/\/madr.ro\/attachments\/article\/269\/ADER-214-faza-2.pdf\">Faza 2<\/a><\/div>\n<\/div>\n\n\n\n<p><\/p>\n\n\n\n<p><strong><span style=\"color:#36b608\" class=\"has-inline-color\">PROIECTE FINALIZATE:<\/span><\/strong><\/p>\n\n\n\n<p>PROIECTUL ADER 2.2.4.<\/p>\n\n\n\n<p>&#8222;Cercet\u0103ri pentru valorificarea eficient\u0103 a resurselor naturale de ap\u0103 \u00een amenaj\u0103rile de iriga\u0163ii \u00een vederea reducerii consumului de ap\u0103 de iriga\u0163ie \u015fi conservarea starii de fertilitate a solurilor \u201c<\/p>\n\n\n\n<p>PROIECTUL ADER 5.3.2.<\/p>\n\n\n\n<p>&#8222;Cercet\u0103ri privind perfectionarea tehnologiei de cultivare a orezului in amenajarile orizicole de tip ameliorativ pe solurile saraturate in curs de ameliorare&#8221;&nbsp;<\/p>\n\n\n\n<p>PS 1.1.4 Crearea de linii de orez&nbsp;cu adaptabilitate crescuta la&nbsp;conditiile climatice<\/p>\n\n\n\n<p>PS 16.3.1. &#8222;Cercetari privind stabilirea ifluentei aplicarii noilor sisteme&nbsp;si tehnologii conservative de lucrari agricole mecanizate pentru combaterea efectelor secetei,&nbsp;pastrarea fertilitatii solurilor si creterea cantitativa si calitativa a produciilor la principalele&nbsp;specii de plante cultivate&#8221;<\/p>\n\n\n\n<p>2018 &#8211; PN III mobilitate 1 &#8211; PN -III-P1-1.1-MC-2017-1371 &#8211; Participare la Conferintainternationala &#8222;The plant and animal genome XXVI Conference (PAG)&#8221;, San Diego, USA<\/p>\n\n\n\n<p>2019 &#8211; PN III mobilitate 2 &#8211; PN-III-P1-1.1-MC-2018-1436 &#8211; Participarea la Conferintainternationala &#8222;3rd Global Food Security, Food Safety &amp; Sustainability Conference-New York, USA&#8221;<\/p>\n","protected":false},"excerpt":{"rendered":"<p>PROIECTE IN DERULARE: 2020-2022 &#8211; PN-III-P2-2.1-PTE-2019-0085 &#8211; AGRODATA &#8222;Cercet\u04d1ri privind digitalizarea agriculturii \u00een B\u0103r\u0103ganul de nord, prin utilizarea dronelor \u015fi sateli\u021bilor, cu scopul monitoriz\u04d1rii culturilor \u015fi eficientiz\u04d1rii tehnologiilor agricole&#8221; 2019-2022 &#8211; ADER 1.1.2. &#8222;Crearea de linii noi de orez cu caracteristici de productivitate superioara si adaptabilitate la conditiile specifice limitei nordice de cultivare &#8222; 2019-2022 [&hellip;]<\/p>\n","protected":false},"author":1,"featured_media":0,"parent":0,"menu_order":0,"comment_status":"closed","ping_status":"closed","template":"","meta":[],"_links":{"self":[{"href":"https:\/\/www.scda.scdabraila.ro\/index.php\/wp-json\/wp\/v2\/pages\/492"}],"collection":[{"href":"https:\/\/www.scda.scdabraila.ro\/index.php\/wp-json\/wp\/v2\/pages"}],"about":[{"href":"https:\/\/www.scda.scdabraila.ro\/index.php\/wp-json\/wp\/v2\/types\/page"}],"author":[{"embeddable":true,"href":"https:\/\/www.scda.scdabraila.ro\/index.php\/wp-json\/wp\/v2\/users\/1"}],"replies":[{"embeddable":true,"href":"https:\/\/www.scda.scdabraila.ro\/index.php\/wp-json\/wp\/v2\/comments?post=492"}],"version-history":[{"count":16,"href":"https:\/\/www.scda.scdabraila.ro\/index.php\/wp-json\/wp\/v2\/pages\/492\/revisions"}],"predecessor-version":[{"id":1017,"href":"https:\/\/www.scda.scdabraila.ro\/index.php\/wp-json\/wp\/v2\/pages\/492\/revisions\/1017"}],"wp:attachment":[{"href":"https:\/\/www.scda.scdabraila.ro\/index.php\/wp-json\/wp\/v2\/media?parent=492"}],"curies":[{"name":"wp","href":"https:\/\/api.w.org\/{rel}","templated":true}]}}